{"id":51,"date":"2021-03-19T18:20:34","date_gmt":"2021-03-19T18:20:34","guid":{"rendered":"https:\/\/www.gacehpa.be\/?page_id=51"},"modified":"2022-10-18T12:43:13","modified_gmt":"2022-10-18T12:43:13","slug":"combien-ca-coute","status":"publish","type":"page","link":"https:\/\/www.gacehpa.be\/?page_id=51","title":{"rendered":"combien-\u00e7a-co\u00fbte"},"content":{"rendered":"\n    \n    <section class=\"u-clearfix u-custom-color-4 u-section-2\" id=\"sec-68b8\">\n      <div class=\"u-clearfix u-sheet u-valign-bottom-lg u-valign-bottom-md u-valign-bottom-sm u-valign-bottom-xs u-sheet-1\">\n        <div class=\"u-clearfix u-expanded-width u-layout-wrap u-layout-wrap-1\">\n          <div class=\"u-layout\">\n            <div class=\"u-layout-row\">\n              <div class=\"u-size-30\">\n                <div class=\"u-layout-col\">\n                  <div class=\"u-container-style u-custom-color-4 u-layout-cell u-size-60 u-layout-cell-1\">\n                    <div class=\"u-container-layout u-valign-top-md u-valign-top-sm u-valign-top-xl u-valign-top-xs u-container-layout-1\">\n                      <img decoding=\"async\" class=\"u-expanded-width u-image u-image-1\" src=\"https:\/\/www.gacehpa.be\/wp-content\/uploads\/2021\/03\/Mon-Corps-Mon-Choix.png\" data-image-width=\"1120\" data-image-height=\"1600\">\n                    <\/div>\n                  <\/div>\n                <\/div>\n              <\/div>\n              <div class=\"u-size-30\">\n                <div class=\"u-layout-col\">\n                  <div class=\"u-container-style u-layout-cell u-size-30 u-layout-cell-2\">\n                    <div class=\"u-container-layout u-container-layout-2\">\n                      <h1 class=\"myfnt-h1 u-align-center u-text u-text-custom-color-12 u-text-1\">Combien \u00e7a Co\u00fbte?<\/h1>\n                      <p class=\"u-text u-text-2\"><b>Femme* en ordre&nbsp;<\/b><b>de mutuelle<\/b><b><\/b><b><\/b>&nbsp;La mutuelle prendra quasiment tout en charge et votre participation financi\u00e8re sera d\u2019environ 4 euros.&nbsp;<br><b>Important :&nbsp;<\/b>n\u2019oubliez pas d\u2019apporter vos vignettes de mutuelle lors de la premi\u00e8re consultation.&nbsp;&nbsp;<br>Remarque : certains centres peuvent demander une attestation d\u2019assurabilit\u00e9. Ce document peut \u00eatre retir\u00e9 aupr\u00e8s de votre mutuelle.&nbsp; Que ce soit pour les femmes* majeures ou mineures, la prise en charge par la mutuelle reste confidentielle. \n                      <\/p>\n                    <\/div>\n                  <\/div>\n                  <div class=\"u-container-style u-custom-color-4 u-layout-cell u-size-30 u-layout-cell-3\">\n                    <div class=\"u-container-layout u-container-layout-3\">\n                      <p class=\"u-text u-text-3\"><b>Femme* sans mutuelle&nbsp;<\/b>Le montant est plafonn\u00e9 autour de 200 euros.&nbsp;Dans certains cas, une aide financi\u00e8re peut \u00eatre demand\u00e9e aupr\u00e8s de diff\u00e9rents intervenants comme les&nbsp;<span style=\"font-weight: 700;\">CPAS<\/span>, les centres&nbsp;<span style=\"font-weight: 700;\">FEDASIL<\/span>&nbsp;et de la Croix-Rouge par le biais d\u2019une Aide m\u00e9dicale urgente et\/ou d\u2019un r\u00e9quisitoire.&nbsp;&nbsp;<br>\n                        <span style=\"font-weight: 700;\">Probl\u00e8mes financiers<\/span> ?&nbsp;Dans les centres de planning familial du&nbsp;<span style=\"font-weight: 700;\">GACEHPA<\/span>, le prix d\u2019un avortement ne doit en aucun cas poser probl\u00e8me. N\u2019h\u00e9sitez pas \u00e0 en parler avec les travailleuses\u00b7eurs de nos centres afin de trouver une&nbsp;<span style=\"font-weight: 700;\">solution<\/span>. \n                      <\/p>\n                    <\/div>\n                  <\/div>\n                <\/div>\n              <\/div>\n            <\/div>\n          <\/div>\n        <\/div>\n      <\/div>\n    <\/section>\n    <section class=\"u-align-center u-clearfix u-custom-color-4 u-section-3\" id=\"sec-4ad3\">\n      <div class=\"u-clearfix u-sheet u-sheet-1\">\n        <div class=\"u-container-style u-custom-color-9 u-group u-group-1\">\n          <div class=\"u-container-layout u-valign-top u-container-layout-1\">\n            <h2 class=\"myfnt-h1 u-align-center u-text u-text-1\">Hors des d\u00e9lais pour avorter en Belgique ?<\/h2>\n            <div class=\"u-border-3 u-border-palette-3-base u-line u-line-horizontal u-line-1\"><\/div>\n            <p class=\"u-align-left u-text u-text-2\">En Belgique, le d\u00e9lai pour recourir \u00e0 l\u2019IVG est de 14 semaines. Pourtant, des femmes* peuvent \u00eatre dans la situation de vouloir interrompre leur grossesse au-del\u00e0 de ce d\u00e9lai.&nbsp;Il existe des possibilit\u00e9s d\u2019avoir recours \u00e0 l\u2019IVG dans certains pays o\u00f9 les d\u00e9lais sont plus \u00e9tendus (Angleterre, Espagne, Pays-Bas, etc.). Si vous \u00eates dans cette situation, vous pouvez joindre un centre de planning familial du GACEHPA pour obtenir des contacts de cliniques \u00e0 l\u2019\u00e9tranger. Il y a \u00e9galement la possibilit\u00e9 de trouver les contacts des cliniques directement sur Internet.<br>\n              <br><b>Important :&nbsp;<\/b>les frais d\u2019une IVG \u00e0 l\u2019\u00e9tranger sont \u00e0 la charge de la personne. Les prix varient en fonction de l\u2019\u00e2ge de la grossesse. \n            <\/p>\n          <\/div>\n        <\/div>\n      <\/div>\n    <\/section>\n    <section class=\"u-align-center u-clearfix u-palette-5-light-2 u-section-4\" id=\"sec-8994\">\n      <div class=\"u-clearfix u-sheet u-sheet-1\">\n        <div class=\"u-clearfix u-expanded-width u-layout-wrap u-layout-wrap-1\">\n          <div class=\"u-gutter-0 u-layout\">\n            <div class=\"u-layout-row\">\n              <div class=\"u-align-center-md u-align-center-sm u-align-center-xs u-container-style u-layout-cell u-palette-3-light-2 u-right-cell u-size-60 u-layout-cell-1\">\n                <div class=\"u-container-layout u-container-layout-1\">\n                  <div class=\"u-social-icons u-spacing-16 u-social-icons-1\">\n                    <a class=\"u-social-url\" target=\"_blank\" href=\"https:\/\/www.facebook.com\/gacehpa\" title=\"Facebook\"><span class=\"u-icon u-icon-circle u-social-facebook u-social-icon u-icon-1\">\n                    <svg class=\"u-svg-link\" preserveAspectRatio=\"xMidYMin slice\" viewBox=\"0 0 112 112\" style=\"\"><use xmlns:xlink=\"http:\/\/www.w3.org\/1999\/xlink\" xlink:href=\"#svg-c1cd\"><\/use><\/svg>\n                    <svg x=\"0px\" y=\"0px\" viewBox=\"0 0 112 112\" id=\"svg-c1cd\" class=\"u-svg-content\"><circle fill=\"#3B5998\" cx=\"56.1\" cy=\"56.1\" r=\"55\"><\/circle><path fill=\"#FFFFFF\" d=\"M73.5,31.6h-9.1c-1.4,0-3.6,0.8-3.6,3.9v8.5h12.6L72,58.3H60.8v40.8H43.9V58.3h-8V43.9h8v-9.2\n            c0-6.7,3.1-17,17-17h12.5v13.9H73.5z\"><\/path><\/svg>\n                  <\/span>\n                    <\/a>\n                    <a class=\"u-social-url\" target=\"_blank\" href=\"https:\/\/twitter.com\/Gacehpa\" title=\"Twitter\"><span class=\"u-icon u-icon-circle u-social-icon u-social-twitter u-icon-2\">\n                    <svg class=\"u-svg-link\" preserveAspectRatio=\"xMidYMin slice\" viewBox=\"0 0 112 112\" style=\"\"><use xmlns:xlink=\"http:\/\/www.w3.org\/1999\/xlink\" xlink:href=\"#svg-a5e7\"><\/use><\/svg>\n                    <svg x=\"0px\" y=\"0px\" viewBox=\"0 0 112 112\" id=\"svg-a5e7\" class=\"u-svg-content\"><circle fill=\"#55ACEE\" class=\"st0\" cx=\"56.1\" cy=\"56.1\" r=\"55\"><\/circle><path fill=\"#FFFFFF\" d=\"M83.8,47.3c0,0.6,0,1.2,0,1.7c0,17.7-13.5,38.2-38.2,38.2C38,87.2,31,85,25,81.2c1,0.1,2.1,0.2,3.2,0.2\n            c6.3,0,12.1-2.1,16.7-5.7c-5.9-0.1-10.8-4-12.5-9.3c0.8,0.2,1.7,0.2,2.5,0.2c1.2,0,2.4-0.2,3.5-0.5c-6.1-1.2-10.8-6.7-10.8-13.1\n            c0-0.1,0-0.1,0-0.2c1.8,1,3.9,1.6,6.1,1.7c-3.6-2.4-6-6.5-6-11.2c0-2.5,0.7-4.8,1.8-6.7c6.6,8.1,16.5,13.5,27.6,14\n            c-0.2-1-0.3-2-0.3-3.1c0-7.4,6-13.4,13.4-13.4c3.9,0,7.3,1.6,9.8,4.2c3.1-0.6,5.9-1.7,8.5-3.3c-1,3.1-3.1,5.8-5.9,7.4\n            c2.7-0.3,5.3-1,7.7-2.1C88.7,43,86.4,45.4,83.8,47.3z\"><\/path><\/svg>\n                  <\/span>\n                    <\/a>\n                    <a class=\"u-social-url\" target=\"_blank\" title=\"YouTube\" href=\"https:\/\/www.youtube.com\/watch?v=l5ViwvBrvGE\"><span class=\"u-icon u-icon-circle u-social-icon u-social-youtube u-icon-3\"><svg class=\"u-svg-link\" preserveAspectRatio=\"xMidYMin slice\" viewBox=\"0 0 112 112\" style=\"\"><use xmlns:xlink=\"http:\/\/www.w3.org\/1999\/xlink\" xlink:href=\"#svg-cce3\"><\/use><\/svg><svg class=\"u-svg-content\" viewBox=\"0 0 112 112\" x=\"0\" y=\"0\" id=\"svg-cce3\" style=\"\"><circle fill=\"currentColor\" cx=\"56.1\" cy=\"56.1\" r=\"55\"><\/circle><path fill=\"#FFFFFF\" d=\"M74.9,33.3H37.3c-7.4,0-13.4,6-13.4,13.4v18.8c0,7.4,6,13.4,13.4,13.4h37.6c7.4,0,13.4-6,13.4-13.4V46.7 C88.3,39.3,82.3,33.3,74.9,33.3L74.9,33.3z M65.9,57l-17.6,8.4c-0.5,0.2-1-0.1-1-0.6V47.5c0-0.5,0.6-0.9,1-0.6l17.6,8.9 C66.4,56,66.4,56.8,65.9,57L65.9,57z\"><\/path><\/svg><\/span>\n                    <\/a>\n                  <\/div>\n                <\/div>\n              <\/div>\n            <\/div>\n          <\/div>\n        <\/div>\n      <\/div>\n    <\/section>\n    \n    \n  \n","protected":false},"excerpt":{"rendered":"<p>Combien \u00e7a Co\u00fbte? Femme* en ordre&nbsp;de mutuelle&nbsp;La mutuelle prendra quasiment tout en charge et votre participation financi\u00e8re sera d\u2019environ 4 euros.&nbsp;Important :&nbsp;n\u2019oubliez pas d\u2019apporter vos vignettes de mutuelle lors de la premi\u00e8re consultation.&nbsp;&nbsp;Remarque : certains centres peuvent demander une attestation d\u2019assurabilit\u00e9. Ce document peut \u00eatre retir\u00e9 aupr\u00e8s de votre mutuelle.&nbsp; Que ce soit pour les &hellip; <a href=\"https:\/\/www.gacehpa.be\/?page_id=51\" class=\"more-link\">Continue reading<span class=\"screen-reader-text\"> \u00ab\u00a0combien-\u00e7a-co\u00fbte\u00a0\u00bb<\/span><\/a><\/p>\n","protected":false},"author":1,"featured_media":0,"parent":0,"menu_order":12,"comment_status":"closed","ping_status":"closed","template":"","meta":{"footnotes":""},"class_list":["post-51","page","type-page","status-publish","hentry"],"_links":{"self":[{"href":"https:\/\/www.gacehpa.be\/index.php?rest_route=\/wp\/v2\/pages\/51","targetHints":{"allow":["GET"]}}],"collection":[{"href":"https:\/\/www.gacehpa.be\/index.php?rest_route=\/wp\/v2\/pages"}],"about":[{"href":"https:\/\/www.gacehpa.be\/index.php?rest_route=\/wp\/v2\/types\/page"}],"author":[{"embeddable":true,"href":"https:\/\/www.gacehpa.be\/index.php?rest_route=\/wp\/v2\/users\/1"}],"replies":[{"embeddable":true,"href":"https:\/\/www.gacehpa.be\/index.php?rest_route=%2Fwp%2Fv2%2Fcomments&post=51"}],"version-history":[{"count":3,"href":"https:\/\/www.gacehpa.be\/index.php?rest_route=\/wp\/v2\/pages\/51\/revisions"}],"predecessor-version":[{"id":185,"href":"https:\/\/www.gacehpa.be\/index.php?rest_route=\/wp\/v2\/pages\/51\/revisions\/185"}],"wp:attachment":[{"href":"https:\/\/www.gacehpa.be\/index.php?rest_route=%2Fwp%2Fv2%2Fmedia&parent=51"}],"curies":[{"name":"wp","href":"https:\/\/api.w.org\/{rel}","templated":true}]}}