{"id":50,"date":"2021-03-19T18:20:33","date_gmt":"2021-03-19T18:20:33","guid":{"rendered":"https:\/\/www.gacehpa.be\/?page_id=50"},"modified":"2021-10-12T09:41:47","modified_gmt":"2021-10-12T09:41:47","slug":"evenements-2","status":"publish","type":"page","link":"https:\/\/www.gacehpa.be\/?page_id=50","title":{"rendered":"\u00e9v\u00e9nements"},"content":{"rendered":"\n    \n    <section class=\"u-align-center u-clearfix u-image u-section-2\" id=\"carousel_3081\">\n      <div class=\"u-clearfix u-sheet u-sheet-1\">\n        <div class=\"u-expanded-width u-list u-list-1\">\n          <div class=\"u-repeater u-repeater-1\">\n            <div class=\"u-align-left u-container-style u-list-item u-opacity u-opacity-60 u-repeater-item u-white u-list-item-1\">\n              <div class=\"u-container-layout u-similar-container u-container-layout-1\">\n                <h2 class=\"u-text u-text-custom-color-2 u-text-1\">1<\/h2>\n                <h3 class=\"myfnt-h1 u-custom-font u-font-montserrat u-text u-text-custom-color-12 u-text-2\">\u201cLes femmes d\u00e9cident&nbsp;!\u201d<\/h3>\n                <p class=\"u-custom-font u-heading-font u-text u-text-3\">On en parle peu&nbsp;: <span style=\"font-weight: 700;\">la loi 1990<\/span> est l\u2019aboutissement \nde luttes des femmes, commenc\u00e9es trente ans plus t\u00f4t. Retracer les \nmoments clefs de ce combat, c\u2019est rappeler le r\u00f4le du mouvement des \nfemmes dans l\u2019histoire de la d\u00e9p\u00e9nalisation de l\u2019avortement.\nComment sont n\u00e9es les premi\u00e8res manifestations des femmes qui ont men\u00e9 \u00e0 la loi de d\u00e9p\u00e9nalisation de l\u2019avortement en 1990&nbsp;? \n                <\/p>\n                <a href=\"https:\/\/www.revuepolitique.be\/les-femmes-decident\/\" class=\"u-border-2 u-border-palette-2-base u-btn u-button-style u-none u-text-body-color u-text-hover-palette-2-base u-btn-1\" target=\"_blank\">PLUS<\/a>\n              <\/div>\n            <\/div>\n            <div class=\"u-align-left u-container-style u-list-item u-opacity u-opacity-60 u-repeater-item u-white u-list-item-2\">\n              <div class=\"u-container-layout u-similar-container u-container-layout-2\">\n                <h2 class=\"u-text u-text-custom-color-2 u-text-4\">2<\/h2>\n                <h3 class=\"myfnt-h1 u-custom-font u-font-montserrat u-text u-text-custom-color-12 u-text-5\">Carte blanche 8 mars<\/h3>\n                <p class=\"u-custom-font u-heading-font u-text u-text-6\">Des in\u00e9galit\u00e9s d\u2019acc\u00e8s \u00e0 la sant\u00e9 sexuelle et reproductive exacerb\u00e9es par la pand\u00e9mie.<br>La crise sanitaire actuelle a op\u00e9r\u00e9 comme un miroir grossissant d\u2019une s\u00e9rie d\u2019in\u00e9galit\u00e9s. La sant\u00e9 sexuelle et reproductive ne fait pas exception. \n                <\/p>\n                <a href=\"https:\/\/www.gacehpa.be\/wp-content\/uploads\/2021\/03\/Carteblanche8mars2021.pdf\" class=\"u-border-2 u-border-palette-2-base u-btn u-button-style u-file-link u-none u-text-body-color u-text-hover-palette-2-base u-btn-2\" target=\"_blank\">PLUS<\/a>\n              <\/div>\n            <\/div>\n            <div class=\"u-align-left u-container-style u-list-item u-opacity u-opacity-60 u-repeater-item u-white u-list-item-3\">\n              <div class=\"u-container-layout u-similar-container u-container-layout-3\">\n                <h2 class=\"u-text u-text-custom-color-2 u-text-7\">3<\/h2>\n                <h3 class=\"myfnt-h1 u-custom-font u-font-montserrat u-text u-text-custom-color-12 u-text-8\">Communiqu\u00e9 de presse 8 mars<\/h3>\n                <p class=\"u-custom-font u-heading-font u-text u-text-9\">Le 8 mars c\u2019est la Journ\u00e9e internationale des droits des femmes : c\u00e9l\u00e9br\u00e9e dans le monde entier, cette journ\u00e9e est l\u2019occasion de rappeler qu\u2019en 2021 les femmes subissent toujours des in\u00e9galit\u00e9s et des violences sexistes et patriarcales.<br>\n                <\/p>\n                <a href=\"https:\/\/www.gacehpa.be\/wp-content\/uploads\/2021\/03\/CP8marsFLCPFGACEHPA.pdf\" class=\"u-border-2 u-border-palette-2-base u-btn u-button-style u-file-link u-none u-text-body-color u-text-hover-palette-2-base u-btn-3\" target=\"_blank\">PLUS<\/a>\n              <\/div>\n            <\/div>\n            <div class=\"u-align-left u-container-style u-list-item u-opacity u-opacity-60 u-repeater-item u-white u-list-item-4\">\n              <div class=\"u-container-layout u-similar-container u-container-layout-4\">\n                <h2 class=\"u-text u-text-custom-color-2 u-text-10\">4<\/h2>\n                <h3 class=\"myfnt-h1 u-custom-font u-font-montserrat u-text u-text-custom-color-12 u-text-11\">D\u00e9fense du droit \u00e0 l\u2019avortement<\/h3>\n                <p class=\"u-custom-font u-heading-font u-text u-text-12\">La d\u00e9fense du <span style=\"font-weight: 700;\">droit \u00e0 l\u2019avortement<\/span> est un engagement embl\u00e9matique des la\u00efques dans la cit\u00e9. Au nom de la libert\u00e9, de la promotion de la sant\u00e9 publique et du droit des femmes \u00e0 disposer de leur corps et \u00e0 choisir leur vie. \n                <\/p>\n                <a href=\"https:\/\/www.laicite.be\/laction-laique\/nos-engagements\/avortement\/\" class=\"u-border-2 u-border-palette-2-base u-btn u-button-style u-none u-text-body-color u-text-hover-palette-2-base u-btn-4\" target=\"_blank\">PLUS<\/a>\n              <\/div>\n            <\/div>\n            <div class=\"u-align-left u-container-style u-list-item u-opacity u-opacity-60 u-repeater-item u-white u-list-item-5\">\n              <div class=\"u-container-layout u-similar-container u-container-layout-5\">\n                <h2 class=\"u-text u-text-custom-color-2 u-text-13\">5<\/h2>\n                <h3 class=\"myfnt-h1 u-custom-font u-font-montserrat u-text u-text-custom-color-12 u-text-14\">Trente ans apr\u00e8s la d\u00e9p\u00e9nalisation partielle de l\u2019avortement<\/h3>\n                <p class=\"u-custom-font u-heading-font u-text u-text-15\">L\u2019acc\u00e8s \u00e0 l\u2019interruption volontaire de grossesse (IVG) reste soumis \u00e0 \"<span style=\"font-weight: 700;\">de nombreux obstacles<\/span>\", estime <span style=\"font-weight: 700;\">Hafida Bachir<\/span>, secr\u00e9taire politique de l\u2019association f\u00e9ministe Vie f\u00e9minine. \n                <\/p>\n                <a href=\"https:\/\/www.rtbf.be\/info\/societe\/detail_trente-ans-apres-la-depenalisation-de-l-avortement-de-nombreux-obstacles-subsistent-pour-la-pratique-des-ivg?id=10465022\" class=\"u-border-2 u-border-palette-2-base u-btn u-button-style u-none u-text-body-color u-text-hover-palette-2-base u-btn-5\" target=\"_blank\">PLUS<\/a>\n              <\/div>\n            <\/div>\n            <div class=\"u-align-left u-container-style u-list-item u-opacity u-opacity-60 u-repeater-item u-white u-list-item-6\">\n              <div class=\"u-container-layout u-similar-container u-container-layout-6\">\n                <h2 class=\"u-text u-text-custom-color-2 u-text-16\">6<\/h2>\n                <h3 class=\"myfnt-h1 u-custom-font u-font-montserrat u-text u-text-custom-color-12 u-text-17\">Le marchandage politique du droit \u00e0 l\u2019avortement\u201d<\/h3>\n                <p class=\"u-custom-font u-heading-font u-text u-text-18\">Environ 300 personnes, selon l\u2019estimation de la police de Bruxelles-Ixelles, ont manifest\u00e9 dimanche de 15h00 \u00e0 17h00, au carrefour de l\u2019Europe, devant la gare centrale de Bruxelles. Ils entendaient d\u00e9noncer \u201cle marchandage politique du droit \u00e0 l\u2019avortement par le gouvernement Vivaldi\u201d.<\/p>\n                <a href=\"https:\/\/bx1.be\/news\/quelque-300-manifestants-denoncent-le-marchandage-politique-du-droit-a-lavortement\/\" class=\"u-border-2 u-border-palette-2-base u-btn u-button-style u-none u-text-body-color u-text-hover-palette-2-base u-btn-6\" target=\"_blank\">PLUS<\/a>\n              <\/div>\n            <\/div>\n          <\/div>\n        <\/div>\n      <\/div>\n    <\/section>\n    <section class=\"u-align-center u-clearfix u-palette-5-light-2 u-section-3\" id=\"sec-bef7\">\n      <div class=\"u-clearfix u-sheet u-valign-top-lg u-valign-top-md u-valign-top-sm u-valign-top-xs u-sheet-1\">\n        <div class=\"u-clearfix u-expanded-width u-layout-wrap u-layout-wrap-1\">\n          <div class=\"u-gutter-0 u-layout\">\n            <div class=\"u-layout-row\">\n              <div class=\"u-align-center-md u-align-center-sm u-align-center-xs u-container-style u-layout-cell u-palette-3-light-2 u-right-cell u-size-60 u-layout-cell-1\">\n                <div class=\"u-container-layout u-container-layout-1\">\n                  <div class=\"u-social-icons u-spacing-16 u-social-icons-1\">\n                    <a class=\"u-social-url\" target=\"_blank\" href=\"https:\/\/www.facebook.com\/gacehpa\" title=\"Facebook\"><span class=\"u-icon u-icon-circle u-social-facebook u-social-icon u-icon-1\">\n                    <svg class=\"u-svg-link\" preserveAspectRatio=\"xMidYMin slice\" viewBox=\"0 0 112 112\" style=\"\"><use xmlns:xlink=\"http:\/\/www.w3.org\/1999\/xlink\" xlink:href=\"#svg-c1cd\"><\/use><\/svg>\n                    <svg x=\"0px\" y=\"0px\" viewBox=\"0 0 112 112\" id=\"svg-c1cd\" class=\"u-svg-content\"><circle fill=\"#3B5998\" cx=\"56.1\" cy=\"56.1\" r=\"55\"><\/circle><path fill=\"#FFFFFF\" d=\"M73.5,31.6h-9.1c-1.4,0-3.6,0.8-3.6,3.9v8.5h12.6L72,58.3H60.8v40.8H43.9V58.3h-8V43.9h8v-9.2\n            c0-6.7,3.1-17,17-17h12.5v13.9H73.5z\"><\/path><\/svg>\n                  <\/span>\n                    <\/a>\n                    <a class=\"u-social-url\" target=\"_blank\" href=\"https:\/\/twitter.com\/Gacehpa\" title=\"Twitter\"><span class=\"u-icon u-icon-circle u-social-icon u-social-twitter u-icon-2\">\n                    <svg class=\"u-svg-link\" preserveAspectRatio=\"xMidYMin slice\" viewBox=\"0 0 112 112\" style=\"\"><use xmlns:xlink=\"http:\/\/www.w3.org\/1999\/xlink\" xlink:href=\"#svg-a5e7\"><\/use><\/svg>\n                    <svg x=\"0px\" y=\"0px\" viewBox=\"0 0 112 112\" id=\"svg-a5e7\" class=\"u-svg-content\"><circle fill=\"#55ACEE\" class=\"st0\" cx=\"56.1\" cy=\"56.1\" r=\"55\"><\/circle><path fill=\"#FFFFFF\" d=\"M83.8,47.3c0,0.6,0,1.2,0,1.7c0,17.7-13.5,38.2-38.2,38.2C38,87.2,31,85,25,81.2c1,0.1,2.1,0.2,3.2,0.2\n            c6.3,0,12.1-2.1,16.7-5.7c-5.9-0.1-10.8-4-12.5-9.3c0.8,0.2,1.7,0.2,2.5,0.2c1.2,0,2.4-0.2,3.5-0.5c-6.1-1.2-10.8-6.7-10.8-13.1\n            c0-0.1,0-0.1,0-0.2c1.8,1,3.9,1.6,6.1,1.7c-3.6-2.4-6-6.5-6-11.2c0-2.5,0.7-4.8,1.8-6.7c6.6,8.1,16.5,13.5,27.6,14\n            c-0.2-1-0.3-2-0.3-3.1c0-7.4,6-13.4,13.4-13.4c3.9,0,7.3,1.6,9.8,4.2c3.1-0.6,5.9-1.7,8.5-3.3c-1,3.1-3.1,5.8-5.9,7.4\n            c2.7-0.3,5.3-1,7.7-2.1C88.7,43,86.4,45.4,83.8,47.3z\"><\/path><\/svg>\n                  <\/span>\n                    <\/a>\n                    <a class=\"u-social-url\" target=\"_blank\" title=\"YouTube\" href=\"https:\/\/www.youtube.com\/watch?v=l5ViwvBrvGE\"><span class=\"u-icon u-icon-circle u-social-icon u-social-youtube u-icon-3\"><svg class=\"u-svg-link\" preserveAspectRatio=\"xMidYMin slice\" viewBox=\"0 0 112 112\" style=\"\"><use xmlns:xlink=\"http:\/\/www.w3.org\/1999\/xlink\" xlink:href=\"#svg-cce3\"><\/use><\/svg><svg class=\"u-svg-content\" viewBox=\"0 0 112 112\" x=\"0\" y=\"0\" id=\"svg-cce3\" style=\"\"><circle fill=\"currentColor\" cx=\"56.1\" cy=\"56.1\" r=\"55\"><\/circle><path fill=\"#FFFFFF\" d=\"M74.9,33.3H37.3c-7.4,0-13.4,6-13.4,13.4v18.8c0,7.4,6,13.4,13.4,13.4h37.6c7.4,0,13.4-6,13.4-13.4V46.7 C88.3,39.3,82.3,33.3,74.9,33.3L74.9,33.3z M65.9,57l-17.6,8.4c-0.5,0.2-1-0.1-1-0.6V47.5c0-0.5,0.6-0.9,1-0.6l17.6,8.9 C66.4,56,66.4,56.8,65.9,57L65.9,57z\"><\/path><\/svg><\/span>\n                    <\/a>\n                  <\/div>\n                <\/div>\n              <\/div>\n            <\/div>\n          <\/div>\n        <\/div>\n      <\/div>\n    <\/section>\n    \n    \n  \n","protected":false},"excerpt":{"rendered":"<p>1 \u201cLes femmes d\u00e9cident&nbsp;!\u201d On en parle peu&nbsp;: la loi 1990 est l\u2019aboutissement de luttes des femmes, commenc\u00e9es trente ans plus t\u00f4t. Retracer les moments clefs de ce combat, c\u2019est rappeler le r\u00f4le du mouvement des femmes dans l\u2019histoire de la d\u00e9p\u00e9nalisation de l\u2019avortement. Comment sont n\u00e9es les premi\u00e8res manifestations des femmes qui ont men\u00e9 &hellip; <a href=\"https:\/\/www.gacehpa.be\/?page_id=50\" class=\"more-link\">Continue reading<span class=\"screen-reader-text\"> \u00ab\u00a0\u00e9v\u00e9nements\u00a0\u00bb<\/span><\/a><\/p>\n","protected":false},"author":1,"featured_media":0,"parent":0,"menu_order":11,"comment_status":"closed","ping_status":"closed","template":"","meta":{"footnotes":""},"class_list":["post-50","page","type-page","status-publish","hentry"],"_links":{"self":[{"href":"https:\/\/www.gacehpa.be\/index.php?rest_route=\/wp\/v2\/pages\/50","targetHints":{"allow":["GET"]}}],"collection":[{"href":"https:\/\/www.gacehpa.be\/index.php?rest_route=\/wp\/v2\/pages"}],"about":[{"href":"https:\/\/www.gacehpa.be\/index.php?rest_route=\/wp\/v2\/types\/page"}],"author":[{"embeddable":true,"href":"https:\/\/www.gacehpa.be\/index.php?rest_route=\/wp\/v2\/users\/1"}],"replies":[{"embeddable":true,"href":"https:\/\/www.gacehpa.be\/index.php?rest_route=%2Fwp%2Fv2%2Fcomments&post=50"}],"version-history":[{"count":2,"href":"https:\/\/www.gacehpa.be\/index.php?rest_route=\/wp\/v2\/pages\/50\/revisions"}],"predecessor-version":[{"id":78,"href":"https:\/\/www.gacehpa.be\/index.php?rest_route=\/wp\/v2\/pages\/50\/revisions\/78"}],"wp:attachment":[{"href":"https:\/\/www.gacehpa.be\/index.php?rest_route=%2Fwp%2Fv2%2Fmedia&parent=50"}],"curies":[{"name":"wp","href":"https:\/\/api.w.org\/{rel}","templated":true}]}}