{"id":48,"date":"2021-03-19T18:20:31","date_gmt":"2021-03-19T18:20:31","guid":{"rendered":"https:\/\/www.gacehpa.be\/?page_id=48"},"modified":"2022-10-18T12:16:51","modified_gmt":"2022-10-18T12:16:51","slug":"a-propos-de-nous","status":"publish","type":"page","link":"https:\/\/www.gacehpa.be\/?page_id=48","title":{"rendered":"a-propos-de-nous"},"content":{"rendered":"\n    \n    <section class=\"u-clearfix u-custom-color-5 u-section-2\" id=\"sec-1dd1\">\n      <div class=\"u-clearfix u-sheet u-sheet-1\">\n        <h1 class=\"myfnt-h1 u-align-center u-text u-text-custom-color-12 u-text-1\">\u00c0 propos de nous<\/h1>\n        <p class=\"u-text u-text-2\">Le Groupe d\u2019Action des Centres Extra hospitaliers Pratiquant l\u2019Avortement (GACEHPA)&nbsp;<span style=\"font-weight: 700;\">rassemble des centres de planning familial<\/span>&nbsp;francophones de Belgique,&nbsp;<span style=\"font-weight: 700;\">qui pratiquent l\u2019avortement<\/span>&nbsp;en dehors des h\u00f4pitaux en Wallonie et \u00e0 Bruxelles. Le GACEHPA coordonne l\u2019action et la solidarit\u00e9 entre ces centres et organise les formations pour les diff\u00e9rent\u00b7e\u00b7s intervenant\u00b7e\u00b7s.<br>\n          <br>Le GACEHPA est un mouvement qui a pour objectif&nbsp;de <span style=\"font-weight: 700;\">rendre l\u2019avortement accessible \u00e0 toutes les femmes<\/span>*&nbsp;dans de&nbsp;<span style=\"font-weight: 700;\">bonnes conditions<\/span>. Le GACEHPA milite pour le droit \u00e0 l\u2019avortement en Belgique et \u00e0 l\u2019\u00e9tranger.<br>\n          <br>Les <a href=\"https:\/\/www.gacehpa.be\/?page_id=47\" class=\"u-active-none u-border-none u-btn u-button-link u-button-style u-hover-none u-none u-text-palette-4-dark-2 u-btn-1\">Centres<\/a>&nbsp;affili\u00e9s au GACEHPA s\u2019engagent \u00e0&nbsp;<span style=\"font-weight: 700;\">pratiquer des <span style=\"font-weight: 700;\">avortements<\/span>\n          <\/span>&nbsp;dans de bonnes conditions m\u00e9dicales, psychologiques et sociales, dans le respect de la libre d\u00e9cision de la femme* et sans but lucratif. Ils offrent un accueil et une \u00e9coute en l\u2019absence de tout jugement&nbsp;moral ou religieux.<br>\n          <br>* Ou toute personne enceinte. \n        <\/p>\n      <\/div>\n    <\/section>\n    <section class=\"u-align-center u-clearfix u-palette-5-light-2 u-section-3\" id=\"sec-2588\">\n      <div class=\"u-clearfix u-sheet u-valign-top-lg u-valign-top-md u-valign-top-sm u-valign-top-xs u-sheet-1\">\n        <div class=\"u-clearfix u-expanded-width u-layout-wrap u-layout-wrap-1\">\n          <div class=\"u-gutter-0 u-layout\">\n            <div class=\"u-layout-row\">\n              <div class=\"u-align-center-md u-align-center-sm u-align-center-xs u-container-style u-layout-cell u-palette-3-light-2 u-right-cell u-size-60 u-layout-cell-1\">\n                <div class=\"u-container-layout u-container-layout-1\">\n                  <div class=\"u-social-icons u-spacing-16 u-social-icons-1\">\n                    <a class=\"u-social-url\" target=\"_blank\" href=\"https:\/\/www.facebook.com\/gacehpa\" title=\"Facebook\"><span class=\"u-icon u-icon-circle u-social-facebook u-social-icon u-icon-1\">\n                    <svg class=\"u-svg-link\" preserveAspectRatio=\"xMidYMin slice\" viewBox=\"0 0 112 112\" style=\"\"><use xmlns:xlink=\"http:\/\/www.w3.org\/1999\/xlink\" xlink:href=\"#svg-c1cd\"><\/use><\/svg>\n                    <svg x=\"0px\" y=\"0px\" viewBox=\"0 0 112 112\" id=\"svg-c1cd\" class=\"u-svg-content\"><circle fill=\"#3B5998\" cx=\"56.1\" cy=\"56.1\" r=\"55\"><\/circle><path fill=\"#FFFFFF\" d=\"M73.5,31.6h-9.1c-1.4,0-3.6,0.8-3.6,3.9v8.5h12.6L72,58.3H60.8v40.8H43.9V58.3h-8V43.9h8v-9.2\n            c0-6.7,3.1-17,17-17h12.5v13.9H73.5z\"><\/path><\/svg>\n                  <\/span>\n                    <\/a>\n                    <a class=\"u-social-url\" target=\"_blank\" href=\"https:\/\/twitter.com\/Gacehpa\" title=\"Twitter\"><span class=\"u-icon u-icon-circle u-social-icon u-social-twitter u-icon-2\">\n                    <svg class=\"u-svg-link\" preserveAspectRatio=\"xMidYMin slice\" viewBox=\"0 0 112 112\" style=\"\"><use xmlns:xlink=\"http:\/\/www.w3.org\/1999\/xlink\" xlink:href=\"#svg-a5e7\"><\/use><\/svg>\n                    <svg x=\"0px\" y=\"0px\" viewBox=\"0 0 112 112\" id=\"svg-a5e7\" class=\"u-svg-content\"><circle fill=\"#55ACEE\" class=\"st0\" cx=\"56.1\" cy=\"56.1\" r=\"55\"><\/circle><path fill=\"#FFFFFF\" d=\"M83.8,47.3c0,0.6,0,1.2,0,1.7c0,17.7-13.5,38.2-38.2,38.2C38,87.2,31,85,25,81.2c1,0.1,2.1,0.2,3.2,0.2\n            c6.3,0,12.1-2.1,16.7-5.7c-5.9-0.1-10.8-4-12.5-9.3c0.8,0.2,1.7,0.2,2.5,0.2c1.2,0,2.4-0.2,3.5-0.5c-6.1-1.2-10.8-6.7-10.8-13.1\n            c0-0.1,0-0.1,0-0.2c1.8,1,3.9,1.6,6.1,1.7c-3.6-2.4-6-6.5-6-11.2c0-2.5,0.7-4.8,1.8-6.7c6.6,8.1,16.5,13.5,27.6,14\n            c-0.2-1-0.3-2-0.3-3.1c0-7.4,6-13.4,13.4-13.4c3.9,0,7.3,1.6,9.8,4.2c3.1-0.6,5.9-1.7,8.5-3.3c-1,3.1-3.1,5.8-5.9,7.4\n            c2.7-0.3,5.3-1,7.7-2.1C88.7,43,86.4,45.4,83.8,47.3z\"><\/path><\/svg>\n                  <\/span>\n                    <\/a>\n                    <a class=\"u-social-url\" target=\"_blank\" title=\"YouTube\" href=\"https:\/\/www.youtube.com\/watch?v=l5ViwvBrvGE\"><span class=\"u-icon u-icon-circle u-social-icon u-social-youtube u-icon-3\"><svg class=\"u-svg-link\" preserveAspectRatio=\"xMidYMin slice\" viewBox=\"0 0 112 112\" style=\"\"><use xmlns:xlink=\"http:\/\/www.w3.org\/1999\/xlink\" xlink:href=\"#svg-cce3\"><\/use><\/svg><svg class=\"u-svg-content\" viewBox=\"0 0 112 112\" x=\"0\" y=\"0\" id=\"svg-cce3\" style=\"\"><circle fill=\"currentColor\" cx=\"56.1\" cy=\"56.1\" r=\"55\"><\/circle><path fill=\"#FFFFFF\" d=\"M74.9,33.3H37.3c-7.4,0-13.4,6-13.4,13.4v18.8c0,7.4,6,13.4,13.4,13.4h37.6c7.4,0,13.4-6,13.4-13.4V46.7 C88.3,39.3,82.3,33.3,74.9,33.3L74.9,33.3z M65.9,57l-17.6,8.4c-0.5,0.2-1-0.1-1-0.6V47.5c0-0.5,0.6-0.9,1-0.6l17.6,8.9 C66.4,56,66.4,56.8,65.9,57L65.9,57z\"><\/path><\/svg><\/span>\n                    <\/a>\n                  <\/div>\n                <\/div>\n              <\/div>\n            <\/div>\n          <\/div>\n        <\/div>\n      <\/div>\n    <\/section>\n    \n    \n  \n","protected":false},"excerpt":{"rendered":"<p>\u00c0 propos de nous Le Groupe d\u2019Action des Centres Extra hospitaliers Pratiquant l\u2019Avortement (GACEHPA)&nbsp;rassemble des centres de planning familial&nbsp;francophones de Belgique,&nbsp;qui pratiquent l\u2019avortement&nbsp;en dehors des h\u00f4pitaux en Wallonie et \u00e0 Bruxelles. Le GACEHPA coordonne l\u2019action et la solidarit\u00e9 entre ces centres et organise les formations pour les diff\u00e9rent\u00b7e\u00b7s intervenant\u00b7e\u00b7s. Le GACEHPA est un mouvement qui &hellip; <a href=\"https:\/\/www.gacehpa.be\/?page_id=48\" class=\"more-link\">Continue reading<span class=\"screen-reader-text\"> \u00ab\u00a0a-propos-de-nous\u00a0\u00bb<\/span><\/a><\/p>\n","protected":false},"author":1,"featured_media":0,"parent":0,"menu_order":9,"comment_status":"closed","ping_status":"closed","template":"","meta":{"footnotes":""},"class_list":["post-48","page","type-page","status-publish","hentry"],"_links":{"self":[{"href":"https:\/\/www.gacehpa.be\/index.php?rest_route=\/wp\/v2\/pages\/48","targetHints":{"allow":["GET"]}}],"collection":[{"href":"https:\/\/www.gacehpa.be\/index.php?rest_route=\/wp\/v2\/pages"}],"about":[{"href":"https:\/\/www.gacehpa.be\/index.php?rest_route=\/wp\/v2\/types\/page"}],"author":[{"embeddable":true,"href":"https:\/\/www.gacehpa.be\/index.php?rest_route=\/wp\/v2\/users\/1"}],"replies":[{"embeddable":true,"href":"https:\/\/www.gacehpa.be\/index.php?rest_route=%2Fwp%2Fv2%2Fcomments&post=48"}],"version-history":[{"count":3,"href":"https:\/\/www.gacehpa.be\/index.php?rest_route=\/wp\/v2\/pages\/48\/revisions"}],"predecessor-version":[{"id":187,"href":"https:\/\/www.gacehpa.be\/index.php?rest_route=\/wp\/v2\/pages\/48\/revisions\/187"}],"wp:attachment":[{"href":"https:\/\/www.gacehpa.be\/index.php?rest_route=%2Fwp%2Fv2%2Fmedia&parent=48"}],"curies":[{"name":"wp","href":"https:\/\/api.w.org\/{rel}","templated":true}]}}