{"id":45,"date":"2021-03-19T18:20:28","date_gmt":"2021-03-19T18:20:28","guid":{"rendered":"https:\/\/www.gacehpa.be\/?page_id=45"},"modified":"2022-10-18T12:38:05","modified_gmt":"2022-10-18T12:38:05","slug":"point-sur-ivg","status":"publish","type":"page","link":"https:\/\/www.gacehpa.be\/?page_id=45","title":{"rendered":"point-sur-IVG"},"content":{"rendered":"\n    \n    <section class=\"u-clearfix u-custom-color-4 u-section-2\" id=\"sec-d362\">\n      <div class=\"u-clearfix u-sheet u-valign-middle u-sheet-1\">\n        <div class=\"u-container-style u-expanded-width-lg u-expanded-width-md u-expanded-width-sm u-expanded-width-xs u-group u-shape-rectangle u-group-1\">\n          <div class=\"u-container-layout u-container-layout-1\">\n            <h3 class=\"myfnt-h1 u-align-center u-text u-text-1\">Petit point sur l'IVG<\/h3>\n            <p class=\"u-text u-text-custom-color-7 u-text-2\"><b>L\u2019avortement est un droit fondamental<\/b>.&nbsp;<span class=\"u-text-black\" style=\"\">Il est autoris\u00e9 par la loi belge, reconnu comme un acte m\u00e9dical et rembours\u00e9 par les mutuelles.<\/span>\n              <br>\n            <\/p>\n            <p class=\"u-text u-text-custom-color-8 u-text-3\"><b>Il existe autant de raisons d\u2019avorter que de femmes* qui d\u00e9cident d\u2019y recourir.<\/b>&nbsp;<span class=\"u-text-black\">Il n\u2019y a pas de bonnes ou de mauvaises raisons, seule la d\u00e9cision de la femme* concern\u00e9e compte. Parce qu\u2019une grossesse, qu\u2019elle soit inattendue ou d\u00e9sir\u00e9e mais impossible \u00e0 poursuivre, peut \u00eatre probl\u00e9matique, l\u2019avortement fait partie des solutions.<\/span>\n              <br>\n            <\/p>\n            <p class=\"u-text u-text-4\">L\u2019immense majorit\u00e9 des femmes* se dit soulag\u00e9e apr\u00e8s une IVG. Malgr\u00e9 tout, il peut arriver que la d\u00e9cision de recourir \u00e0 l\u2019IVG puisse \u00eatre douloureuse, culpabilisante, v\u00e9cue comme un \u00e9chec et conduise certaines \u00e0 vivre cette situation dans la solitude.&nbsp;<span class=\"u-text-custom-color-8\"><b>Les \u00e9quipes des centres de planning familial accompagnent, \u00e9coutent et apportent leur soutien sans jugement aux femmes* qui&nbsp;<\/b><b>le souhaitent.<\/b>\n              <\/span>\n              <br>\n            <\/p>\n            <p class=\"u-text u-text-5\">*&nbsp;Ou toute personne\nenceinte.<\/p>\n          <\/div>\n        <\/div>\n        <div class=\"u-clearfix u-expanded-width-lg u-expanded-width-md u-expanded-width-sm u-expanded-width-xs u-layout-wrap u-layout-wrap-1\">\n          <div class=\"u-layout\">\n            <div class=\"u-layout-col\">\n              <div class=\"u-size-30\">\n                <div class=\"u-layout-row\">\n                  <div class=\"u-container-style u-custom-color-9 u-layout-cell u-size-30 u-layout-cell-1\">\n                    <div class=\"u-container-layout u-valign-bottom u-container-layout-2\">\n                      <img decoding=\"async\" class=\"u-align-center u-expanded-width-xl u-image u-image-1\" src=\"https:\/\/www.gacehpa.be\/wp-content\/uploads\/2021\/03\/droulement.png\" data-image-width=\"359\" data-image-height=\"324\">\n                      <p class=\"u-text u-text-6\">Apr\u00e8s avoir pris rendez-vous par t\u00e9l\u00e9phone, sur place ou par mail (pour certains centres)&nbsp;<br>\n                      <\/p>\n                    <\/div>\n                  <\/div>\n                  <div class=\"u-align-left u-container-style u-custom-color-9 u-layout-cell u-size-30 u-layout-cell-2\">\n                    <div class=\"u-container-layout u-valign-middle u-container-layout-3\">\n                      <h4 class=\"myfnt-h1 u-text u-text-custom-color-2 u-text-default u-text-7\">1. Rendez-vous avec un(e) acceuillant(e)<\/h4>\n                      <p class=\"u-text u-text-8\">\u00c9coute de la demande, informations sur le d\u00e9roulement d\u2019une IVG et explications des m\u00e9thodes. Si la femme* re\u00e7ue en exprime le besoin, elle pourra \u00e9changer sur sa situation pour clarifier sa d\u00e9cision. Si n\u00e9cessaire, l\u2019acceuillant\u00b7e pourra \u00e9galement informer sur les aides possibles.<\/p>\n                    <\/div>\n                  <\/div>\n                <\/div>\n              <\/div>\n              <div class=\"u-size-30\">\n                <div class=\"u-layout-row\">\n                  <div class=\"u-container-style u-custom-color-9 u-layout-cell u-size-30 u-layout-cell-3\">\n                    <div class=\"u-container-layout u-valign-middle u-container-layout-4\">\n                      <h4 class=\"myfnt-h1 u-text u-text-custom-color-2 u-text-9\">2. Rendez-vous m\u00e9dical<\/h4>\n                      <p class=\"u-text u-text-10\">Le\u00b7la m\u00e9decin peut apporter des compl\u00e9ments d\u2019informations concernant l\u2019IVG en pr\u00e9cisant les examens \u00e0 effectuer, le d\u00e9roulement, la gestion de douleurs \u00e9ventuelles, etc. Une \u00e9chographie peut permettre au\u00b7\u00e0 la m\u00e9decin de confirmer, de dater la grossesse et, dans certains cas, d\u2019\u00e9liminer le diagnostic d\u2019une grossesse extra-ut\u00e9rine. Il est possible que des examens compl\u00e9mentaires soient prescrits (frottis, recherche du groupe sanguin, etc.). Jusqu\u2019\u00e0 9 semaines d\u2019am\u00e9norrh\u00e9e (absence de r\u00e8gles), la femme* a le choix entre la m\u00e9thode m\u00e9dicamenteuse et la m\u00e9thode par aspiration. Au-del\u00e0 de 9\u2009 semaines d\u2019am\u00e9norrh\u00e9es et jusqu\u2019\u00e0 14 semaines, seule la m\u00e9thode par aspiration reste \u2009possible.<span style=\"font-weight: 400;\"><\/span>\n                      <\/p>\n                    <\/div>\n                  <\/div>\n                  <div class=\"u-container-style u-custom-color-9 u-layout-cell u-size-30 u-layout-cell-4\">\n                    <div class=\"u-container-layout u-valign-middle u-container-layout-5\">\n                      <h4 class=\"myfnt-h1 u-text u-text-custom-color-2 u-text-11\">3. L\u2019interruption de la\ngrossesse<\/h4>\n                      <p class=\"u-text u-text-black u-text-12\">Toute femme* majeure ou mineure a le droit de d\u00e9cider seule d\u2019interrompre ou pas sa \u2009grossesse.<\/p>\n                      <h4 class=\"myfnt-h1 u-text u-text-custom-color-2 u-text-13\">4.\nLa visite de contr\u00f4le<\/h4>\n                      <p class=\"u-text u-text-14\">Elle doit \u00eatre faite dans le mois qui suit l\u2019IVG. Elle est tr\u00e8s importante car elle est la garantie du bon d\u00e9roul\u00e9 de l\u2019IVG. Si la femme* ressent le besoin d\u2019\u00e9changer sur son IVG, elle pourra b\u00e9n\u00e9ficier d\u2019un suivi dans nos centres. De m\u00eame, si elle le souhaite, elle pourra obtenir des informations concernant la contraception.<\/p>\n                      <p class=\"u-text u-text-palette-2-dark-3 u-text-15\"><i>\n                          <span class=\"u-text-custom-color-2\">*<\/span> Pour les\npersonnes mineures (moins de 18 ans) : il n\u2019y a pas de sp\u00e9cificit\u00e9.<\/i>\n                      <\/p>\n                    <\/div>\n                  <\/div>\n                <\/div>\n              <\/div>\n            <\/div>\n          <\/div>\n        <\/div>\n      <\/div>\n    <\/section>\n    <section class=\"u-align-center u-clearfix u-palette-5-light-2 u-section-3\" id=\"sec-99cb\">\n      <div class=\"u-clearfix u-sheet u-valign-top-lg u-valign-top-md u-valign-top-sm u-valign-top-xs u-sheet-1\">\n        <div class=\"u-clearfix u-expanded-width u-layout-wrap u-layout-wrap-1\">\n          <div class=\"u-gutter-0 u-layout\">\n            <div class=\"u-layout-row\">\n              <div class=\"u-align-center-md u-align-center-sm u-align-center-xs u-container-style u-layout-cell u-palette-3-light-2 u-right-cell u-size-60 u-layout-cell-1\">\n                <div class=\"u-container-layout u-container-layout-1\">\n                  <div class=\"u-social-icons u-spacing-16 u-social-icons-1\">\n                    <a class=\"u-social-url\" target=\"_blank\" href=\"https:\/\/www.facebook.com\/gacehpa\" title=\"Facebook\"><span class=\"u-icon u-icon-circle u-social-facebook u-social-icon u-icon-1\">\n                    <svg class=\"u-svg-link\" preserveAspectRatio=\"xMidYMin slice\" viewBox=\"0 0 112 112\" style=\"\"><use xmlns:xlink=\"http:\/\/www.w3.org\/1999\/xlink\" xlink:href=\"#svg-c1cd\"><\/use><\/svg>\n                    <svg x=\"0px\" y=\"0px\" viewBox=\"0 0 112 112\" id=\"svg-c1cd\" class=\"u-svg-content\"><circle fill=\"#3B5998\" cx=\"56.1\" cy=\"56.1\" r=\"55\"><\/circle><path fill=\"#FFFFFF\" d=\"M73.5,31.6h-9.1c-1.4,0-3.6,0.8-3.6,3.9v8.5h12.6L72,58.3H60.8v40.8H43.9V58.3h-8V43.9h8v-9.2\n            c0-6.7,3.1-17,17-17h12.5v13.9H73.5z\"><\/path><\/svg>\n                  <\/span>\n                    <\/a>\n                    <a class=\"u-social-url\" target=\"_blank\" href=\"https:\/\/twitter.com\/Gacehpa\" title=\"Twitter\"><span class=\"u-icon u-icon-circle u-social-icon u-social-twitter u-icon-2\">\n                    <svg class=\"u-svg-link\" preserveAspectRatio=\"xMidYMin slice\" viewBox=\"0 0 112 112\" style=\"\"><use xmlns:xlink=\"http:\/\/www.w3.org\/1999\/xlink\" xlink:href=\"#svg-a5e7\"><\/use><\/svg>\n                    <svg x=\"0px\" y=\"0px\" viewBox=\"0 0 112 112\" id=\"svg-a5e7\" class=\"u-svg-content\"><circle fill=\"#55ACEE\" class=\"st0\" cx=\"56.1\" cy=\"56.1\" r=\"55\"><\/circle><path fill=\"#FFFFFF\" d=\"M83.8,47.3c0,0.6,0,1.2,0,1.7c0,17.7-13.5,38.2-38.2,38.2C38,87.2,31,85,25,81.2c1,0.1,2.1,0.2,3.2,0.2\n            c6.3,0,12.1-2.1,16.7-5.7c-5.9-0.1-10.8-4-12.5-9.3c0.8,0.2,1.7,0.2,2.5,0.2c1.2,0,2.4-0.2,3.5-0.5c-6.1-1.2-10.8-6.7-10.8-13.1\n            c0-0.1,0-0.1,0-0.2c1.8,1,3.9,1.6,6.1,1.7c-3.6-2.4-6-6.5-6-11.2c0-2.5,0.7-4.8,1.8-6.7c6.6,8.1,16.5,13.5,27.6,14\n            c-0.2-1-0.3-2-0.3-3.1c0-7.4,6-13.4,13.4-13.4c3.9,0,7.3,1.6,9.8,4.2c3.1-0.6,5.9-1.7,8.5-3.3c-1,3.1-3.1,5.8-5.9,7.4\n            c2.7-0.3,5.3-1,7.7-2.1C88.7,43,86.4,45.4,83.8,47.3z\"><\/path><\/svg>\n                  <\/span>\n                    <\/a>\n                    <a class=\"u-social-url\" target=\"_blank\" title=\"YouTube\" href=\"https:\/\/www.youtube.com\/watch?v=l5ViwvBrvGE\"><span class=\"u-icon u-icon-circle u-social-icon u-social-youtube u-icon-3\"><svg class=\"u-svg-link\" preserveAspectRatio=\"xMidYMin slice\" viewBox=\"0 0 112 112\" style=\"\"><use xmlns:xlink=\"http:\/\/www.w3.org\/1999\/xlink\" xlink:href=\"#svg-cce3\"><\/use><\/svg><svg class=\"u-svg-content\" viewBox=\"0 0 112 112\" x=\"0\" y=\"0\" id=\"svg-cce3\" style=\"\"><circle fill=\"currentColor\" cx=\"56.1\" cy=\"56.1\" r=\"55\"><\/circle><path fill=\"#FFFFFF\" d=\"M74.9,33.3H37.3c-7.4,0-13.4,6-13.4,13.4v18.8c0,7.4,6,13.4,13.4,13.4h37.6c7.4,0,13.4-6,13.4-13.4V46.7 C88.3,39.3,82.3,33.3,74.9,33.3L74.9,33.3z M65.9,57l-17.6,8.4c-0.5,0.2-1-0.1-1-0.6V47.5c0-0.5,0.6-0.9,1-0.6l17.6,8.9 C66.4,56,66.4,56.8,65.9,57L65.9,57z\"><\/path><\/svg><\/span>\n                    <\/a>\n                  <\/div>\n                <\/div>\n              <\/div>\n            <\/div>\n          <\/div>\n        <\/div>\n      <\/div>\n    <\/section>\n    \n    \n  \n","protected":false},"excerpt":{"rendered":"<p>Petit point sur l&rsquo;IVG L\u2019avortement est un droit fondamental.&nbsp;Il est autoris\u00e9 par la loi belge, reconnu comme un acte m\u00e9dical et rembours\u00e9 par les mutuelles. Il existe autant de raisons d\u2019avorter que de femmes* qui d\u00e9cident d\u2019y recourir.&nbsp;Il n\u2019y a pas de bonnes ou de mauvaises raisons, seule la d\u00e9cision de la femme* concern\u00e9e compte. &hellip; <a href=\"https:\/\/www.gacehpa.be\/?page_id=45\" class=\"more-link\">Continue reading<span class=\"screen-reader-text\"> \u00ab\u00a0point-sur-IVG\u00a0\u00bb<\/span><\/a><\/p>\n","protected":false},"author":1,"featured_media":0,"parent":0,"menu_order":6,"comment_status":"closed","ping_status":"closed","template":"","meta":{"footnotes":""},"class_list":["post-45","page","type-page","status-publish","hentry"],"_links":{"self":[{"href":"https:\/\/www.gacehpa.be\/index.php?rest_route=\/wp\/v2\/pages\/45","targetHints":{"allow":["GET"]}}],"collection":[{"href":"https:\/\/www.gacehpa.be\/index.php?rest_route=\/wp\/v2\/pages"}],"about":[{"href":"https:\/\/www.gacehpa.be\/index.php?rest_route=\/wp\/v2\/types\/page"}],"author":[{"embeddable":true,"href":"https:\/\/www.gacehpa.be\/index.php?rest_route=\/wp\/v2\/users\/1"}],"replies":[{"embeddable":true,"href":"https:\/\/www.gacehpa.be\/index.php?rest_route=%2Fwp%2Fv2%2Fcomments&post=45"}],"version-history":[{"count":5,"href":"https:\/\/www.gacehpa.be\/index.php?rest_route=\/wp\/v2\/pages\/45\/revisions"}],"predecessor-version":[{"id":225,"href":"https:\/\/www.gacehpa.be\/index.php?rest_route=\/wp\/v2\/pages\/45\/revisions\/225"}],"wp:attachment":[{"href":"https:\/\/www.gacehpa.be\/index.php?rest_route=%2Fwp%2Fv2%2Fmedia&parent=45"}],"curies":[{"name":"wp","href":"https:\/\/api.w.org\/{rel}","templated":true}]}}