{"id":43,"date":"2021-03-19T18:20:26","date_gmt":"2021-03-19T18:20:26","guid":{"rendered":"https:\/\/www.gacehpa.be\/?page_id=43"},"modified":"2025-05-13T13:01:43","modified_gmt":"2025-05-13T13:01:43","slug":"petit-historique","status":"publish","type":"page","link":"https:\/\/www.gacehpa.be\/?page_id=43","title":{"rendered":"petit-historique"},"content":{"rendered":"\n    \n    <section class=\"u-clearfix u-custom-color-4 u-section-2\" id=\"sec-2f50\">\n      <div class=\"u-clearfix u-sheet u-sheet-1\">\n        <h1 class=\"myfnt-h1 u-align-center u-text u-text-custom-color-12 u-text-1\">Petit historique<\/h1>\n        <p class=\"u-text u-text-2\">Le <span style=\"font-weight: 700;\">GACEHPA\nest cr\u00e9\u00e9 en 1978\npar un groupe de\nm\u00e9decins militant\u00b7e\u00b7s <\/span>qui exer\u00e7aient dans des centres\nextra hospitaliers. La pratique des\navortements \u00e9tant alors ill\u00e9gale,\nil \u00e9tait essentiel que ces centres\nextrahospitaliers dispers\u00e9s, et par cons\u00e9quent vuln\u00e9rables, se r\u00e9unissent en un groupe d\u2019action. Ce regroupement a permis de soutenir les personnes inculp\u00e9es pour avoir pratiqu\u00e9 des avortements et d\u2019assurer une solidarit\u00e9 inter-centres.<br>La cr\u00e9ation du GACEHPA s\u2019inscrit dans une lutte pour l\u2019acc\u00e8s \u00e0&nbsp;l\u2019interruption volontaire de grossesse (IVG) qui se d\u00e9roule essentiellement entre 1962 et 1990.<br>\n        <\/p>\n        <p class=\"u-text u-text-3\">Cette lutte est men\u00e9e aussi bien par des m\u00e9decins, des associations, des collectifs f\u00e9ministes, que par des personnalit\u00e9s politiques. La soci\u00e9t\u00e9 civile a \u00e9galement \u00e9t\u00e9 un soutien d\u00e9terminant durant ces longues ann\u00e9es.<br>L\u2019ann\u00e9e 1962 voit la cr\u00e9ation du premier centre de planning familial en r\u00e9gion francophone, \u00ab La famille heureuse \u00bb. Durant les ann\u00e9es&nbsp;suivantes, plusieurs m\u00e9decins sont inculp\u00e9\u00b7e\u00b7s. L\u2019accusation la plus&nbsp;embl\u00e9matique est celle du docteur Willy Peers en 1973.&nbsp;C\u2019est \u00e0 partir de&nbsp;ce moment que le soutien populaire \u00e0 l\u2019acc\u00e8s \u00e0 l\u2019avortement se renforce.&nbsp;<br>S\u2019ensuit une p\u00e9riode marqu\u00e9e par des avanc\u00e9es, sous la forme d\u2019une&nbsp;tr\u00eave judiciaire, et des retours en arri\u00e8re quand les poursuites contre&nbsp;les militant\u00b7e\u00b7s qui diffusent la liste des centres pratiquant l\u2019IVG et&nbsp;des m\u00e9decins soup\u00e7onn\u00e9\u00b7e\u00b7s de la pratiquer reprennent. \n        <\/p>\n        <img decoding=\"async\" src=\"https:\/\/www.gacehpa.be\/wp-content\/uploads\/2021\/03\/Photo.jpg\" alt=\"\" class=\"u-image u-image-default u-image-1\" data-image-width=\"1200\" data-image-height=\"735\">\n        <p class=\"u-text u-text-4\">Enfin, en mars 1990, la loi dite \u00ab Lallemand-Michielsens \u00bb d\u00e9p\u00e9nalise partiellement l\u2019avortement. Elle instaure une commission de suivi et d\u2019accompagnement qui marque un progr\u00e8s important en mati\u00e8re de sant\u00e9 publique. Le roi Baudouin, sortant de sa fonction de chef de l\u2019\u00c9tat au nom de ses convictions religieuses, refuse de sanctionner et de promulguer la loi : il sera temporairement constat\u00e9 que le roi est \u00ab&nbsp;dans l'impossibilit\u00e9 de r\u00e9gner&nbsp;\u00bb le temps que la loi soit vot\u00e9e. En octobre 2018, un projet de loi \u00e9largissant les conditions d\u2019acc\u00e8s (extension du d\u00e9lai jusqu\u2019\u00e0 18 semaines et suppression du d\u00e9lai de r\u00e9flexion, entre autres) est pr\u00e9sent\u00e9 en commission Justice. Malgr\u00e9 l\u2019audition de nombreux\u00b7euses expert\u00b7e\u00b7s, c\u2019est une nouvelle loi ne pr\u00e9sentant gu\u00e8re d\u2019avanc\u00e9es notables qui sera vot\u00e9e. Fin 2019, diff\u00e9rents partis pr\u00e9sentent \u00e0 nouveau un projet de loi comportant les avanc\u00e9es souhait\u00e9es, telles que l\u2019allongement du d\u00e9lai jusqu\u2019\u00e0 18 semaines et le d\u00e9lai de r\u00e9flexion ramen\u00e9 \u00e0 48 heures. Ce texte est vot\u00e9 en commission Justice et b\u00e9n\u00e9ficie de l\u2019avis favorable du conseil d\u2019\u00c9tat. Malgr\u00e9 tout, durant l\u2019ann\u00e9e 2020, plusieurs partis font obstruction en reportant \u00e0 plusieurs reprises leur vote.&nbsp;&nbsp;<br>\n          <span style=\"font-weight: 700;\">La lutte continue !<\/span>\n        <\/p>\n      <\/div>\n    <\/section>\n    <section class=\"u-align-center u-clearfix u-palette-5-light-2 u-section-3\" id=\"sec-79c3\">\n      <div class=\"u-clearfix u-sheet u-valign-top-lg u-valign-top-md u-valign-top-sm u-valign-top-xs u-sheet-1\">\n        <div class=\"u-clearfix u-expanded-width u-layout-wrap u-layout-wrap-1\">\n          <div class=\"u-gutter-0 u-layout\">\n            <div class=\"u-layout-row\">\n              <div class=\"u-align-center-md u-align-center-sm u-align-center-xs u-container-style u-layout-cell u-palette-3-light-2 u-right-cell u-size-60 u-layout-cell-1\">\n                <div class=\"u-container-layout u-container-layout-1\">\n                  <div class=\"u-social-icons u-spacing-16 u-social-icons-1\">\n                    <a class=\"u-social-url\" target=\"_blank\" href=\"https:\/\/www.facebook.com\/gacehpa\" title=\"Facebook\"><span class=\"u-icon u-icon-circle u-social-facebook u-social-icon u-icon-1\">\n                    <svg class=\"u-svg-link\" preserveAspectRatio=\"xMidYMin slice\" viewBox=\"0 0 112 112\" style=\"\"><use xmlns:xlink=\"http:\/\/www.w3.org\/1999\/xlink\" xlink:href=\"#svg-c1cd\"><\/use><\/svg>\n                    <svg x=\"0px\" y=\"0px\" viewBox=\"0 0 112 112\" id=\"svg-c1cd\" class=\"u-svg-content\"><circle fill=\"#3B5998\" cx=\"56.1\" cy=\"56.1\" r=\"55\"><\/circle><path fill=\"#FFFFFF\" d=\"M73.5,31.6h-9.1c-1.4,0-3.6,0.8-3.6,3.9v8.5h12.6L72,58.3H60.8v40.8H43.9V58.3h-8V43.9h8v-9.2\n            c0-6.7,3.1-17,17-17h12.5v13.9H73.5z\"><\/path><\/svg>\n                  <\/span>\n                    <\/a>\n                    <a class=\"u-social-url\" target=\"_blank\" href=\"https:\/\/twitter.com\/Gacehpa\" title=\"Twitter\"><span class=\"u-icon u-icon-circle u-social-icon u-social-twitter u-icon-2\">\n                    <svg class=\"u-svg-link\" preserveAspectRatio=\"xMidYMin slice\" viewBox=\"0 0 112 112\" style=\"\"><use xmlns:xlink=\"http:\/\/www.w3.org\/1999\/xlink\" xlink:href=\"#svg-a5e7\"><\/use><\/svg>\n                    <svg x=\"0px\" y=\"0px\" viewBox=\"0 0 112 112\" id=\"svg-a5e7\" class=\"u-svg-content\"><circle fill=\"#55ACEE\" class=\"st0\" cx=\"56.1\" cy=\"56.1\" r=\"55\"><\/circle><path fill=\"#FFFFFF\" d=\"M83.8,47.3c0,0.6,0,1.2,0,1.7c0,17.7-13.5,38.2-38.2,38.2C38,87.2,31,85,25,81.2c1,0.1,2.1,0.2,3.2,0.2\n            c6.3,0,12.1-2.1,16.7-5.7c-5.9-0.1-10.8-4-12.5-9.3c0.8,0.2,1.7,0.2,2.5,0.2c1.2,0,2.4-0.2,3.5-0.5c-6.1-1.2-10.8-6.7-10.8-13.1\n            c0-0.1,0-0.1,0-0.2c1.8,1,3.9,1.6,6.1,1.7c-3.6-2.4-6-6.5-6-11.2c0-2.5,0.7-4.8,1.8-6.7c6.6,8.1,16.5,13.5,27.6,14\n            c-0.2-1-0.3-2-0.3-3.1c0-7.4,6-13.4,13.4-13.4c3.9,0,7.3,1.6,9.8,4.2c3.1-0.6,5.9-1.7,8.5-3.3c-1,3.1-3.1,5.8-5.9,7.4\n            c2.7-0.3,5.3-1,7.7-2.1C88.7,43,86.4,45.4,83.8,47.3z\"><\/path><\/svg>\n                  <\/span>\n                    <\/a>\n                    <a class=\"u-social-url\" target=\"_blank\" title=\"YouTube\" href=\"https:\/\/www.youtube.com\/watch?v=l5ViwvBrvGE\"><span class=\"u-icon u-icon-circle u-social-icon u-social-youtube u-icon-3\"><svg class=\"u-svg-link\" preserveAspectRatio=\"xMidYMin slice\" viewBox=\"0 0 112 112\" style=\"\"><use xmlns:xlink=\"http:\/\/www.w3.org\/1999\/xlink\" xlink:href=\"#svg-cce3\"><\/use><\/svg><svg class=\"u-svg-content\" viewBox=\"0 0 112 112\" x=\"0\" y=\"0\" id=\"svg-cce3\" style=\"\"><circle fill=\"currentColor\" cx=\"56.1\" cy=\"56.1\" r=\"55\"><\/circle><path fill=\"#FFFFFF\" d=\"M74.9,33.3H37.3c-7.4,0-13.4,6-13.4,13.4v18.8c0,7.4,6,13.4,13.4,13.4h37.6c7.4,0,13.4-6,13.4-13.4V46.7 C88.3,39.3,82.3,33.3,74.9,33.3L74.9,33.3z M65.9,57l-17.6,8.4c-0.5,0.2-1-0.1-1-0.6V47.5c0-0.5,0.6-0.9,1-0.6l17.6,8.9 C66.4,56,66.4,56.8,65.9,57L65.9,57z\"><\/path><\/svg><\/span>\n                    <\/a>\n                  <\/div>\n                <\/div>\n              <\/div>\n            <\/div>\n          <\/div>\n        <\/div>\n      <\/div>\n    <\/section>\n    \n    \n  \n","protected":false},"excerpt":{"rendered":"<p>Petit historique Le GACEHPA est cr\u00e9\u00e9 en 1978 par un groupe de m\u00e9decins militant\u00b7e\u00b7s qui exer\u00e7aient dans des centres extra hospitaliers. La pratique des avortements \u00e9tant alors ill\u00e9gale, il \u00e9tait essentiel que ces centres extrahospitaliers dispers\u00e9s, et par cons\u00e9quent vuln\u00e9rables, se r\u00e9unissent en un groupe d\u2019action. Ce regroupement a permis de soutenir les personnes inculp\u00e9es &hellip; <a href=\"https:\/\/www.gacehpa.be\/?page_id=43\" class=\"more-link\">Continue reading<span class=\"screen-reader-text\"> \u00ab\u00a0petit-historique\u00a0\u00bb<\/span><\/a><\/p>\n","protected":false},"author":1,"featured_media":0,"parent":0,"menu_order":4,"comment_status":"closed","ping_status":"closed","template":"","meta":{"footnotes":""},"class_list":["post-43","page","type-page","status-publish","hentry"],"_links":{"self":[{"href":"https:\/\/www.gacehpa.be\/index.php?rest_route=\/wp\/v2\/pages\/43","targetHints":{"allow":["GET"]}}],"collection":[{"href":"https:\/\/www.gacehpa.be\/index.php?rest_route=\/wp\/v2\/pages"}],"about":[{"href":"https:\/\/www.gacehpa.be\/index.php?rest_route=\/wp\/v2\/types\/page"}],"author":[{"embeddable":true,"href":"https:\/\/www.gacehpa.be\/index.php?rest_route=\/wp\/v2\/users\/1"}],"replies":[{"embeddable":true,"href":"https:\/\/www.gacehpa.be\/index.php?rest_route=%2Fwp%2Fv2%2Fcomments&post=43"}],"version-history":[{"count":5,"href":"https:\/\/www.gacehpa.be\/index.php?rest_route=\/wp\/v2\/pages\/43\/revisions"}],"predecessor-version":[{"id":267,"href":"https:\/\/www.gacehpa.be\/index.php?rest_route=\/wp\/v2\/pages\/43\/revisions\/267"}],"wp:attachment":[{"href":"https:\/\/www.gacehpa.be\/index.php?rest_route=%2Fwp%2Fv2%2Fmedia&parent=43"}],"curies":[{"name":"wp","href":"https:\/\/api.w.org\/{rel}","templated":true}]}}